{"id":103,"date":"2016-01-10T21:46:49","date_gmt":"2016-01-10T20:46:49","guid":{"rendered":"http:\/\/wp.zszychlin.com.pl\/?page_id=103"},"modified":"2023-08-31T23:54:23","modified_gmt":"2023-08-31T21:54:23","slug":"hymn","status":"publish","type":"page","link":"http:\/\/zszychlin.com.pl\/index.php\/hymn\/","title":{"rendered":"HYMN"},"content":{"rendered":"\n<figure class=\"wp-block-image\"><a href=\"http:\/\/zszychlin.com.pl\/wp-content\/uploads\/2016\/01\/nutki.gif\" rel=\"attachment wp-att-109\"><img loading=\"lazy\" decoding=\"async\" width=\"300\" height=\"127\" src=\"http:\/\/zszychlin.com.pl\/wp-content\/uploads\/2016\/01\/nutki-300x127.gif\" alt=\"nutki\" class=\"wp-image-109\"\/><\/a><\/figure>\n\n\n\n<p class=\"has-text-align-center\"><\/p>\n\n\n\n<h4 class=\"wp-block-heading has-black-color has-text-color has-medium-font-size\"><span style=\"color: #993300;\">HYMN SZKO\u0141Y<\/span><br><br><strong>Patronem Naszej Szko\u0142y<br>Jan Pawe\u0142 II- gi jest<br>Nie straszne nam mozo\u0142y<br>Wystarczy Jego gest.<\/strong><br><br><strong>Ref. Patronie \u2013 przewodniku nasz<br>Najlepsz\u0105 drog\u0119 dla nas wska\u017c.<br>Miej zawsze nas w opiece swej<br>Do ko\u0144ca drogi tej. x2<\/strong><br><br><strong>Zgodnie z Twym nauczaniem,<br>B\u0119dziemy stara\u0107 si\u0119<br>Nauk\u0105 zachowaniem<br>Nigdy nie zawie\u015b\u0107 Ci\u0119.<\/strong><br><br><span style=\"color: #993300;\">tekst: Tadeusz Wrzesi\u0144ski &#8211; nauczyciel matematyki<\/span><\/h4>\n","protected":false},"excerpt":{"rendered":"<p>HYMN SZKO\u0141Y Patronem Naszej Szko\u0142yJan Pawe\u0142 II- gi jestNie straszne nam mozo\u0142yWystarczy Jego<\/p>\n","protected":false},"author":1,"featured_media":0,"parent":0,"menu_order":0,"comment_status":"closed","ping_status":"closed","template":"","meta":{"ngg_post_thumbnail":0,"footnotes":""},"class_list":["post-103","page","type-page","status-publish","hentry","two-columns"],"_links":{"self":[{"href":"http:\/\/zszychlin.com.pl\/index.php\/wp-json\/wp\/v2\/pages\/103","targetHints":{"allow":["GET"]}}],"collection":[{"href":"http:\/\/zszychlin.com.pl\/index.php\/wp-json\/wp\/v2\/pages"}],"about":[{"href":"http:\/\/zszychlin.com.pl\/index.php\/wp-json\/wp\/v2\/types\/page"}],"author":[{"embeddable":true,"href":"http:\/\/zszychlin.com.pl\/index.php\/wp-json\/wp\/v2\/users\/1"}],"replies":[{"embeddable":true,"href":"http:\/\/zszychlin.com.pl\/index.php\/wp-json\/wp\/v2\/comments?post=103"}],"version-history":[{"count":5,"href":"http:\/\/zszychlin.com.pl\/index.php\/wp-json\/wp\/v2\/pages\/103\/revisions"}],"predecessor-version":[{"id":15054,"href":"http:\/\/zszychlin.com.pl\/index.php\/wp-json\/wp\/v2\/pages\/103\/revisions\/15054"}],"wp:attachment":[{"href":"http:\/\/zszychlin.com.pl\/index.php\/wp-json\/wp\/v2\/media?parent=103"}],"curies":[{"name":"wp","href":"https:\/\/api.w.org\/{rel}","templated":true}]}}