{"id":11896,"date":"2021-01-25T19:47:01","date_gmt":"2021-01-25T18:47:01","guid":{"rendered":"http:\/\/zszychlin.com.pl\/?page_id=11896"},"modified":"2024-09-11T17:12:05","modified_gmt":"2024-09-11T15:12:05","slug":"oplaty","status":"publish","type":"page","link":"http:\/\/zszychlin.com.pl\/index.php\/oplaty\/","title":{"rendered":"OP\u0141ATY"},"content":{"rendered":"\n<p><strong>Szanowni Pa\u0144stwo<\/strong><br>Zgodnie z Uchwa\u0142\u0105 nr II\/10\/2024 Rady Gminy Stare Miasto od dnia 23 maja 2024 r.<br>ulega zmianie op\u0142ata za korzystanie z wychowania przedszkolnego w czasie przekraczaj\u0105cym<br>realizacj\u0119 podstawy programowej tj. dla dzieci przebywaj\u0105cych w oddziale przedszkolnym<br>powy\u017cej 5 godzin dziennie. Od wrze\u015bnia 2024 roku b\u0119dzie to op\u0142ata w wysoko\u015bci 1,44 z\u0142 za<br>ka\u017cd\u0105 rozpocz\u0119t\u0105 godzin\u0119. Dotyczy to dzieci w wieku 3-5 lat.<br>Rada Rodzic\u00f3w podj\u0119\u0142a decyzj\u0119 o kontynuowaniu umowy z firm\u0105 cateringow\u0105 \u201eCzarny<br>Domek \u2013 Bar De \u017bur\u201d do 31.08.2025 r.<br>Od 01.09.2024 r. b\u0119d\u0105 obowi\u0105zywa\u0142y stawki:<br><strong>\u015bniadanie \u2013 6,90 z\u0142, obiad \u2013 11 z\u0142, podwieczorek \u2013 1,10 z\u0142<\/strong>.<br>Op\u0142ata za posi\u0142ki i godziny ponadwymiarowe dokonywana jest z do\u0142u, za ca\u0142y miesi\u0105c w terminie do 10 dnia ka\u017cdego nast\u0119pnego miesi\u0105ca wy\u0142\u0105cznie w formie przelewu na numer rachunku bankowego <\/p>\n\n\n\n<p class=\"has-text-align-center\"><strong>40 8530 0000 0500 0677 2000 0020, <\/strong><\/p>\n\n\n\n<p>z wyj\u0105tkiem grudnia, wp\u0142ata po otrzymaniu informacji o kwocie p\u0142atno\u015bci, do 28 grudnia 2024.<br>Nieobecno\u015b\u0107 dziecka w danym dniu nale\u017cy zg\u0142osi\u0107 najp\u00f3\u017aniej do godz. 8:00 w sekretariacie<br>szko\u0142y lub telefonicznie pod numer telefonu <strong>63&nbsp;244 25 71<\/strong>.<br>Nie b\u0119d\u0105 odliczane nieobecno\u015bci niezg\u0142oszone lub zg\u0142oszone po terminie.<br>Informacja o kwocie nale\u017cno\u015bci za dany miesi\u0105c b\u0119dzie przekazana do 5-tego dnia miesi\u0105ca<br>przez e-dziennik.<\/p>\n\n\n\n<p class=\"has-text-align-right\">\/-\/ Renata Ganowicz-Muszy\u0144ska<\/p>\n","protected":false},"excerpt":{"rendered":"<p>Szanowni Pa\u0144stwoZgodnie z Uchwa\u0142\u0105 nr II\/10\/2024 Rady Gminy Stare Miasto od dnia 23<\/p>\n","protected":false},"author":1,"featured_media":14390,"parent":0,"menu_order":0,"comment_status":"closed","ping_status":"closed","template":"","meta":{"ngg_post_thumbnail":0,"footnotes":""},"class_list":["post-11896","page","type-page","status-publish","has-post-thumbnail","hentry","two-columns"],"_links":{"self":[{"href":"http:\/\/zszychlin.com.pl\/index.php\/wp-json\/wp\/v2\/pages\/11896","targetHints":{"allow":["GET"]}}],"collection":[{"href":"http:\/\/zszychlin.com.pl\/index.php\/wp-json\/wp\/v2\/pages"}],"about":[{"href":"http:\/\/zszychlin.com.pl\/index.php\/wp-json\/wp\/v2\/types\/page"}],"author":[{"embeddable":true,"href":"http:\/\/zszychlin.com.pl\/index.php\/wp-json\/wp\/v2\/users\/1"}],"replies":[{"embeddable":true,"href":"http:\/\/zszychlin.com.pl\/index.php\/wp-json\/wp\/v2\/comments?post=11896"}],"version-history":[{"count":13,"href":"http:\/\/zszychlin.com.pl\/index.php\/wp-json\/wp\/v2\/pages\/11896\/revisions"}],"predecessor-version":[{"id":17692,"href":"http:\/\/zszychlin.com.pl\/index.php\/wp-json\/wp\/v2\/pages\/11896\/revisions\/17692"}],"wp:featuredmedia":[{"embeddable":true,"href":"http:\/\/zszychlin.com.pl\/index.php\/wp-json\/wp\/v2\/media\/14390"}],"wp:attachment":[{"href":"http:\/\/zszychlin.com.pl\/index.php\/wp-json\/wp\/v2\/media?parent=11896"}],"curies":[{"name":"wp","href":"https:\/\/api.w.org\/{rel}","templated":true}]}}