{"id":12023,"date":"2021-01-28T20:58:10","date_gmt":"2021-01-28T19:58:10","guid":{"rendered":"http:\/\/zszychlin.com.pl\/?page_id=12023"},"modified":"2025-03-31T15:25:49","modified_gmt":"2025-03-31T13:25:49","slug":"deklaracja-dostepnosci","status":"publish","type":"page","link":"http:\/\/zszychlin.com.pl\/index.php\/deklaracja-dostepnosci\/","title":{"rendered":"DEKLARACJA DOST\u0118PNO\u015aCI"},"content":{"rendered":"\n<h1 id=\"a11y-deklaracja\">Deklaracja dost\u0119pno\u015bci Strona internetowa Szko\u0142y Podstawowej im. Jana Paw\u0142a II w \u017bychlinie<\/h1>\n<p id=\"a11y-wstep\"><span id=\"a11y-podmiot\">Szko\u0142a Podstawowa im. Jana Paw\u0142a II w \u017bychlinie<\/span> zobowi\u0105zuje si\u0119 zapewni\u0107 dost\u0119pno\u015b\u0107 swojej strony internetowej zgodnie z przepisami ustawy z dnia 4&nbsp;kwietnia 2019&nbsp;r. o&nbsp;dost\u0119pno\u015bci cyfrowej stron internetowych i&nbsp;aplikacji mobilnych podmiot\u00f3w publicznych. O\u015bwiadczenie w sprawie dost\u0119pno\u015bci ma zastosowanie do strony internetowej <a id=\"a11y-url\" href=\"http:\/\/zszychlin.com.pl\">Strona internetowa Szko\u0142y Podstawowej im. Jana Paw\u0142a II w \u017bychlinie<\/a>.<\/p>\n<ul>\n    <li>Data publikacji strony internetowej: <time id=\"a11y-data-publikacja\" datetime=\"2007-09-01\">2007-09-01<\/time><\/li>\n    <li>Data ostatniej istotnej aktualizacji: <time id=\"a11y-data-aktualizacja\" datetime=\"2023-09-01\">2023-09-01<\/time><\/li>\n<\/ul>\n<h2>Status pod wzgl\u0119dem zgodno\u015bci z ustaw\u0105<\/h2>\n    <p>Strona internetowa jest <strong id=\"a11y-status\">cz\u0119\u015bciowo zgodna<\/strong> z&nbsp;ustaw\u0105 o&nbsp;dost\u0119pno\u015bci cyfrowej stron internetowych i&nbsp;aplikacji mobilnych podmiot\u00f3w publicznych z&nbsp;powodu niezgodno\u015bci lub wy\u0142\u0105cze\u0144 wymienionych poni\u017cej.<\/p>\n\n<h3>Tre\u015bci niedost\u0119pne<\/h3>\n    <ul>\n            <li>\n            1.3.1 &#8211; Informacje i relacje;\n        <\/li>\n            <li>\n            1.4.11 \u2013 Kontrast element\u00f3w nietekstowych;\n        <\/li>\n            <li>\n            2.2.1 &#8211; Dostosowanie czasu;\n        <\/li>\n            <li>\n            2.2.2 \u2013 Pauza, zatrzymanie, ukrycie;\n        <\/li>\n            <li>\n            2.4.1 &#8211; Mo\u017cliwo\u015b\u0107 pomini\u0119cia blok\u00f3w;\n        <\/li>\n            <li>\n            2.4.6 &#8211; Nag\u0142\u00f3wki i etykiety;\n        <\/li>\n            <li>\n            4.1.1 \u2013 Poprawno\u015b\u0107 kodu;\n        <\/li>\n            <li>\n            4.1.2 &#8211; Nazwa, rola, warto\u015b\u0107.\n        <\/li>\n        <\/ul>\n\n\n    <h3>Wy\u0142\u0105czenia<\/h3>\n        <ul>\n                    <li>\n                brak\n            <\/li>\n            <\/ul>\n\n<h3> Przygotowanie deklaracji w sprawie dost\u0119pno\u015bci<\/h3>\n<ul>\n<li>Deklaracj\u0119 sporz\u0105dzono dnia:  <time id=\"a11y-data-sporzadzenie\" datetime=\"2025-03-30\">2025-03-30<\/time><\/li>\n<li>Deklaracj\u0119 zosta\u0142a ostatnio poddana przegl\u0105dowi i aktualizacji dnia:  <time id=\"a11y-data-deklaracja-przeglad\" datetime=\"2025-03-30\">2025-03-30<\/time><\/li>\n<\/ul>\n\n    <p>Deklaracj\u0119 sporz\u0105dzono na podstawie samooceny. <\/p>\n\n    <p>Pobierz <a href=\"http:\/\/zszychlin.com.pl\">Raport z wynikami przegl\u0105du dost\u0119pno\u015bci<\/a>.<\/p>\n\n<h2 id=\"a11y-kontakt\">Informacje zwrotne i dane kontaktowe<\/h2>\n<ul>\n<li>Za rozpatrywanie uwag i wniosk\u00f3w odpowiada:  <span id=\"a11y-osoba\">Renata Ganowicz-Muszy\u0144ska<\/span>.<\/li>\n<li>E-mail: <span id=\"a11y-email\">spzychlin@stare-miasto.pl<\/span><\/li>\n<li>Telefon: <span id=\"a11y-telefon\">632442571<\/span><\/li>\n<\/ul>\n\n<p id=\"a11y-procedura\">Ka\u017cdy ma prawo:<\/p>\n<ul>\n    <li>zg\u0142osi\u0107 uwagi dotycz\u0105ce dost\u0119pno\u015bci cyfrowej strony lub jej elementu,<\/li>\n    <li>zg\u0142osi\u0107 \u017c\u0105danie zapewnienia dost\u0119pno\u015bci cyfrowej strony lub jej elementu,<\/li>\n    <li>wnioskowa\u0107 o udost\u0119pnienie niedost\u0119pnej informacji w innej alternatywnej formie.<\/li>\n<\/ul>\n<p>\u017b\u0105danie musi zawiera\u0107:<\/p>\n<ul>\n    <li>dane kontaktowe osoby zg\u0142aszaj\u0105cej,<\/li>\n    <li>wskazanie strony lub elementu strony, kt\u00f3rej dotyczy \u017c\u0105danie,<\/li>\n    <li>wskazanie dogodnej formy udost\u0119pnienia informacji, je\u015bli \u017c\u0105danie dotyczy udost\u0119pnienia w formie alternatywnej informacji niedost\u0119pnej.<\/li>\n<\/ul>\n<p>Rozpatrzenie zg\u0142oszenia powinno nast\u0105pi\u0107 niezw\u0142ocznie, najp\u00f3\u017aniej w ci\u0105gu 7 dni. Je\u015bli w tym terminie zapewnienie dost\u0119pno\u015bci albo zapewnienie dost\u0119pu w alternatywnej formie nie jest mo\u017cliwe, powinno nast\u0105pi\u0107 najdalej w ci\u0105gu 2 miesi\u0119cy od daty zg\u0142oszenia.<\/p>\n\n<h3>Skargi i odwo\u0142ania<\/h3>\n<p>Na niedotrzymanie tych termin\u00f3w oraz na odmow\u0119 realizacji \u017c\u0105dania mo\u017cna z\u0142o\u017cy\u0107 skarg\u0119 do organu nadzoruj\u0105cego poczt\u0105 lub drog\u0105 elektroniczn\u0105 na adres:<\/p>\n<ul>\n<li>Organ nadzoruj\u0105cy: Dyrektor Szko\u0142y Podstawowej im. Jana Paw\u0142a II w \u017bychlinie<\/li>\n<li>Adres: ul. Parkowa 11, 62-571 Stare Miasto<\/li>\n<li>E-mail: spzychlin@stare-miasto.pl<\/li>\n<li>Telefon: 632442571<\/li>\n<\/ul>\n<p>Skarg\u0119 mo\u017cna z\u0142o\u017cy\u0107 r\u00f3wnie\u017c do  <a href=\"https:\/\/www.rpo.gov.pl\/content\/jak-zglosic-sie-do-rzecznika-praw-obywatelskich\">Rzecznika Praw Obywatelskich<\/a>.<\/p>\n\n<h2 id=\"a11y-architektura\">Dost\u0119pno\u015b\u0107 architektoniczna<\/h2>\n<p>Wej\u015bcia do budynku:<\/p>\n<ul class=\"wp-block-list\">\n<li>wej\u015bcie g\u0142&oacute;wne:&nbsp;<strong>&nbsp;dost\u0119pne<\/strong>&nbsp;dla os&oacute;b z niepe\u0142nosprawno\u015bci\u0105 ruchow\u0105; do budynku prowadz\u0105 schody oraz podjazd,<\/li>\n<li>wej\u015bcie boczne i od strony boiska&nbsp;<strong>niedost\u0119pne<\/strong>&nbsp;dla os&oacute;b z niepe\u0142nosprawno\u015bci\u0105 ruchow\u0105.<\/li>\n<\/ul>\n<p>Szko\u0142a posiada miejsca parkingowe bez oznacze\u0144 dla os&oacute;b niepe\u0142nosprawnych.<\/p>\n<p>Osoba z psem asystuj\u0105cym mo\u017ce bez przeszk&oacute;d wej\u015b\u0107 do budynku Szko\u0142y.<\/p>\n<p>Brak mo\u017cliwo\u015bci t\u0142umaczenia j\u0119zyka migowego.<\/p>\n<p>Osoba niepe\u0142nosprawna ma mo\u017cliwo\u015b\u0107 wst\u0119pu do budynku z psem asystuj\u0105cym.<\/p>\n<p>Szko\u0142a nie posiada toalet dostosowanych do os&oacute;b niepe\u0142nosprawnych.<\/p>\n\n\n\n<hr class=\"wp-block-separator has-alpha-channel-opacity\"\/>\n\n\n\n<p><a href=\"https:\/\/drive.google.com\/file\/d\/1RHmnCtKmVX5CKY4gj1De_MRnSXVrUo7D\/view?usp=sharing\" target=\"_blank\" rel=\"noreferrer noopener\">SPRAWOZDANIE Z AUDYTU WEWN\u0118TRZNEGO (715KB, PDF)<\/a><\/p>\n","protected":false},"excerpt":{"rendered":"<p>Deklaracja dost\u0119pno\u015bci Strona internetowa Szko\u0142y Podstawowej im. Jana Paw\u0142a II w \u017bychlinie Szko\u0142a<\/p>\n","protected":false},"author":1,"featured_media":0,"parent":0,"menu_order":0,"comment_status":"closed","ping_status":"closed","template":"","meta":{"ngg_post_thumbnail":0,"footnotes":""},"class_list":["post-12023","page","type-page","status-publish","hentry","two-columns"],"_links":{"self":[{"href":"http:\/\/zszychlin.com.pl\/index.php\/wp-json\/wp\/v2\/pages\/12023","targetHints":{"allow":["GET"]}}],"collection":[{"href":"http:\/\/zszychlin.com.pl\/index.php\/wp-json\/wp\/v2\/pages"}],"about":[{"href":"http:\/\/zszychlin.com.pl\/index.php\/wp-json\/wp\/v2\/types\/page"}],"author":[{"embeddable":true,"href":"http:\/\/zszychlin.com.pl\/index.php\/wp-json\/wp\/v2\/users\/1"}],"replies":[{"embeddable":true,"href":"http:\/\/zszychlin.com.pl\/index.php\/wp-json\/wp\/v2\/comments?post=12023"}],"version-history":[{"count":14,"href":"http:\/\/zszychlin.com.pl\/index.php\/wp-json\/wp\/v2\/pages\/12023\/revisions"}],"predecessor-version":[{"id":19076,"href":"http:\/\/zszychlin.com.pl\/index.php\/wp-json\/wp\/v2\/pages\/12023\/revisions\/19076"}],"wp:attachment":[{"href":"http:\/\/zszychlin.com.pl\/index.php\/wp-json\/wp\/v2\/media?parent=12023"}],"curies":[{"name":"wp","href":"https:\/\/api.w.org\/{rel}","templated":true}]}}