{"id":17654,"date":"2024-09-04T19:24:47","date_gmt":"2024-09-04T17:24:47","guid":{"rendered":"http:\/\/zszychlin.com.pl\/?page_id=17654"},"modified":"2025-09-01T16:30:43","modified_gmt":"2025-09-01T14:30:43","slug":"biblioteka","status":"publish","type":"page","link":"http:\/\/zszychlin.com.pl\/index.php\/biblioteka\/","title":{"rendered":"BIBLIOTEKA"},"content":{"rendered":"\n<p class=\"has-text-align-center has-black-color has-pale-cyan-blue-background-color has-text-color has-background has-link-color has-medium-font-size wp-elements-2f5faa3ea0e73c7a6a443378bdeabc4f\"><strong>GODZINY OTWARCIA BIBLIOTEKI SZKOLNEJ<\/strong> <strong>W ROKU SZKOLNYM 2025\/202<\/strong>6<\/p>\n\n\n\n<figure class=\"wp-block-table is-style-regular\"><table class=\"has-fixed-layout\"><tbody><tr><td class=\"has-text-align-center\" data-align=\"center\"><strong><mark style=\"background-color:rgba(0, 0, 0, 0)\" class=\"has-inline-color has-black-color\">poniedzia\u0142ek<\/mark><\/strong><\/td><td class=\"has-text-align-center\" data-align=\"center\"><strong><mark style=\"background-color:#ffffff\" class=\"has-inline-color\">wtorek<\/mark><\/strong><\/td><td class=\"has-text-align-center\" data-align=\"center\"><strong><mark style=\"background-color:rgba(0, 0, 0, 0)\" class=\"has-inline-color has-black-color\">\u015broda<\/mark><\/strong><\/td><td class=\"has-text-align-center\" data-align=\"center\"><strong><mark style=\"background-color:rgba(0, 0, 0, 0)\" class=\"has-inline-color has-black-color\">czwartek<\/mark><\/strong><\/td><td class=\"has-text-align-center\" data-align=\"center\"><strong><mark style=\"background-color:rgba(0, 0, 0, 0)\" class=\"has-inline-color has-black-color\">pi\u0105tek<\/mark><\/strong><\/td><\/tr><tr><td class=\"has-text-align-center\" data-align=\"center\">10:35 \u2013 11:35<\/td><td class=\"has-text-align-center\" data-align=\"center\">9:40 \u2013 10:40<\/td><td class=\"has-text-align-center\" data-align=\"center\">8:45 \u2013 13:50<br>14:35 \u2013 15:30<\/td><td class=\"has-text-align-center\" data-align=\"center\">9:50 \u2013 12:50<br>13:45 \u2013 14:45<\/td><td class=\"has-text-align-center\" data-align=\"center\">9:50 \u2013 12:50<\/td><\/tr><\/tbody><\/table><\/figure>\n\n\n\n<p><\/p>\n","protected":false},"excerpt":{"rendered":"<p>GODZINY OTWARCIA BIBLIOTEKI SZKOLNEJ W ROKU SZKOLNYM 2025\/2026 poniedzia\u0142ek wtorek \u015broda czwartek pi\u0105tek<\/p>\n","protected":false},"author":1,"featured_media":0,"parent":0,"menu_order":0,"comment_status":"closed","ping_status":"closed","template":"","meta":{"ngg_post_thumbnail":0,"footnotes":""},"class_list":["post-17654","page","type-page","status-publish","hentry","two-columns"],"_links":{"self":[{"href":"http:\/\/zszychlin.com.pl\/index.php\/wp-json\/wp\/v2\/pages\/17654","targetHints":{"allow":["GET"]}}],"collection":[{"href":"http:\/\/zszychlin.com.pl\/index.php\/wp-json\/wp\/v2\/pages"}],"about":[{"href":"http:\/\/zszychlin.com.pl\/index.php\/wp-json\/wp\/v2\/types\/page"}],"author":[{"embeddable":true,"href":"http:\/\/zszychlin.com.pl\/index.php\/wp-json\/wp\/v2\/users\/1"}],"replies":[{"embeddable":true,"href":"http:\/\/zszychlin.com.pl\/index.php\/wp-json\/wp\/v2\/comments?post=17654"}],"version-history":[{"count":4,"href":"http:\/\/zszychlin.com.pl\/index.php\/wp-json\/wp\/v2\/pages\/17654\/revisions"}],"predecessor-version":[{"id":19717,"href":"http:\/\/zszychlin.com.pl\/index.php\/wp-json\/wp\/v2\/pages\/17654\/revisions\/19717"}],"wp:attachment":[{"href":"http:\/\/zszychlin.com.pl\/index.php\/wp-json\/wp\/v2\/media?parent=17654"}],"curies":[{"name":"wp","href":"https:\/\/api.w.org\/{rel}","templated":true}]}}