{"id":17724,"date":"2024-09-12T00:45:50","date_gmt":"2024-09-11T22:45:50","guid":{"rendered":"http:\/\/zszychlin.com.pl\/?page_id=17724"},"modified":"2024-11-06T22:34:54","modified_gmt":"2024-11-06T21:34:54","slug":"kontakt","status":"publish","type":"page","link":"http:\/\/zszychlin.com.pl\/index.php\/kontakt\/","title":{"rendered":"KONTAKT"},"content":{"rendered":"\n<h2 class=\"wp-block-heading has-pale-cyan-blue-background-color has-background\" style=\"font-size:27px\"><strong>SZKO\u0141A PODSTAWOWA im. JANA PAW\u0141A II <\/strong><strong>w \u017bYCHLINIE<\/strong><\/h2>\n\n\n\n<div class=\"wp-block-columns is-layout-flex wp-container-core-columns-is-layout-2 wp-block-columns-is-layout-flex\">\n<div class=\"wp-block-column is-layout-flow wp-block-column-is-layout-flow\">\n<p class=\"has-black-color has-text-color has-link-color has-medium-font-size wp-elements-45c14cc72fb30d12b5a281463fb93d8d\"><br><strong>ADRES<\/strong><br>ul. Parkowa 11, \u017bychlin<br>62-571 Stare Miasto<br>tel.\/fax 63 244 25 71<\/p>\n\n\n\n<div class=\"wp-block-columns is-layout-flex wp-container-core-columns-is-layout-1 wp-block-columns-is-layout-flex\">\n<div class=\"wp-block-column is-layout-flow wp-block-column-is-layout-flow\">\n<p class=\"has-medium-font-size\"><strong>e-mail: spzychlin@stare-miasto.pl<br><a href=\"http:\/\/zszychlin.com.pl\/\">www.zszychlin.com.pl<\/a><br><\/strong>NIP 6652837655<\/p>\n<\/div>\n<\/div>\n<\/div>\n\n\n\n<div class=\"wp-block-column is-layout-flow wp-block-column-is-layout-flow\">\n<p class=\"has-medium-font-size\"><br><\/p>\n<\/div>\n<\/div>\n","protected":false},"excerpt":{"rendered":"<p>SZKO\u0141A PODSTAWOWA im. JANA PAW\u0141A II w \u017bYCHLINIE ADRESul. Parkowa 11, \u017bychlin62-571 Stare<\/p>\n","protected":false},"author":1,"featured_media":0,"parent":0,"menu_order":0,"comment_status":"closed","ping_status":"closed","template":"","meta":{"ngg_post_thumbnail":0,"footnotes":""},"class_list":["post-17724","page","type-page","status-publish","hentry","two-columns"],"_links":{"self":[{"href":"http:\/\/zszychlin.com.pl\/index.php\/wp-json\/wp\/v2\/pages\/17724","targetHints":{"allow":["GET"]}}],"collection":[{"href":"http:\/\/zszychlin.com.pl\/index.php\/wp-json\/wp\/v2\/pages"}],"about":[{"href":"http:\/\/zszychlin.com.pl\/index.php\/wp-json\/wp\/v2\/types\/page"}],"author":[{"embeddable":true,"href":"http:\/\/zszychlin.com.pl\/index.php\/wp-json\/wp\/v2\/users\/1"}],"replies":[{"embeddable":true,"href":"http:\/\/zszychlin.com.pl\/index.php\/wp-json\/wp\/v2\/comments?post=17724"}],"version-history":[{"count":3,"href":"http:\/\/zszychlin.com.pl\/index.php\/wp-json\/wp\/v2\/pages\/17724\/revisions"}],"predecessor-version":[{"id":18107,"href":"http:\/\/zszychlin.com.pl\/index.php\/wp-json\/wp\/v2\/pages\/17724\/revisions\/18107"}],"wp:attachment":[{"href":"http:\/\/zszychlin.com.pl\/index.php\/wp-json\/wp\/v2\/media?parent=17724"}],"curies":[{"name":"wp","href":"https:\/\/api.w.org\/{rel}","templated":true}]}}