{"id":19356,"date":"2025-05-07T11:53:00","date_gmt":"2025-05-07T09:53:00","guid":{"rendered":"http:\/\/zszychlin.com.pl\/?page_id=19356"},"modified":"2025-05-08T11:57:00","modified_gmt":"2025-05-08T09:57:00","slug":"maly-inzynier","status":"publish","type":"page","link":"http:\/\/zszychlin.com.pl\/index.php\/maly-inzynier\/","title":{"rendered":"MA\u0141Y IN\u017bYNIER"},"content":{"rendered":"\n<p>I. Projekt \u201eEdukacja bez barier w Gminie Rzg\u00f3w, Stare Miasto i Wierzbinek\u201d jest realizowany przez organizacj\u0119 pozarz\u0105dow\u0105 Fundacj\u0119 Rozwoju Edukacji Ma\u0142ego In\u017cyniera w partnerstwie z Gmin\u0105 Rzg\u00f3w, Gmin\u0105 Wierzbinek oraz Gmin\u0105 Stare Miasto<br>w okresie 01.10.2024-31.08.2026. Warto\u015b\u0107 projektu: 2 075 322,72 z\u0142, w tym wk\u0142ad w\u0142asny w postaci udost\u0119pnienia sal oraz koszt\u00f3w po\u015brednich 219 150,00 z\u0142 (10,5%).<\/p>\n\n\n\n<p>II. Cel projektu: W okresie od 01.10.2024 do 31.08.2026 w Szkole Podstawowej im. Jana Brzechwy w&nbsp;Grabienicach, Szkole Podstawowej im. Marii Konopnickiej w Osieczy, Szkole Podstawowej im.&nbsp;K.&nbsp;Makuszy\u0144skiego w S\u0142awsku, Szkole Podstawowej im. H. Sienkiewicza w Rzgowie, Szkole Podstawowej im. gen. J\u00f3zefa Bema w Starym Mie\u015bcie, Szkole Podstawowej im. B. Prusa w Li\u015bcu Wielkim, Szkole Podstawowej im. prof. Zbigniewa Religi w Barczyg\u0142owie, Szkole Podstawowej im. Jana Paw\u0142a II w \u017bychlinie, Szkole Podstawowej im Jana Paw\u0142a II w Boguszycach, Szkole Podstawowej im Biskupa R. Andrzejewskiego w Morzyczynie, Szkole Podstawowej im. Miko\u0142aja Kopernika w Sadlnie, Szkole Podstawowej im. Marii Konopnickiej w Zakrzewku oraz Szkole Podstawowej w Zaryniu poprawiona zostanie jako\u015b\u0107 i dost\u0119p do edukacji w\u0142\u0105czaj\u0105cej.<br><br>III. Grup\u0119 docelow\u0105 stanowi 200 uczni\u00f3w i 36 nauczycieli plac\u00f3wek obj\u0119tych wsparciem.<\/p>\n\n\n\n<p>IV. Dzia\u0142ania w ramach projektu:<br>1. Zaj\u0119cia dodatkowe dla uczni\u00f3w.<br>2. Podnoszenie kompetencji\/kwali\ufb01kacji kadr-bezpo\u015brednie wsparcie kadr szk\u00f3\u0142 obj\u0119tych wsparciem.<br>3. Wyposa\u017cenie plac\u00f3wek.<br><br>Kwota dofinansowania UE: 1 452 725,90 z\u0142.<\/p>\n\n\n\n<figure class=\"wp-block-gallery has-nested-images columns-default is-cropped wp-block-gallery-1 is-layout-flex wp-block-gallery-is-layout-flex\">\n<figure class=\"wp-block-image size-large\"><img decoding=\"async\" data-id=\"12382\" src=\"http:\/\/zszychlin.com.pl\/wp-content\/uploads\/2021\/04\/z1.png\" alt=\"logo \" class=\"wp-image-12382\"\/><\/figure>\n<\/figure>\n\n\n\n<p><\/p>\n","protected":false},"excerpt":{"rendered":"<p>I. Projekt \u201eEdukacja bez barier w Gminie Rzg\u00f3w, Stare Miasto i Wierzbinek\u201d jest<\/p>\n","protected":false},"author":1,"featured_media":19357,"parent":0,"menu_order":0,"comment_status":"closed","ping_status":"closed","template":"","meta":{"ngg_post_thumbnail":0,"footnotes":""},"class_list":["post-19356","page","type-page","status-publish","has-post-thumbnail","hentry","two-columns"],"_links":{"self":[{"href":"http:\/\/zszychlin.com.pl\/index.php\/wp-json\/wp\/v2\/pages\/19356","targetHints":{"allow":["GET"]}}],"collection":[{"href":"http:\/\/zszychlin.com.pl\/index.php\/wp-json\/wp\/v2\/pages"}],"about":[{"href":"http:\/\/zszychlin.com.pl\/index.php\/wp-json\/wp\/v2\/types\/page"}],"author":[{"embeddable":true,"href":"http:\/\/zszychlin.com.pl\/index.php\/wp-json\/wp\/v2\/users\/1"}],"replies":[{"embeddable":true,"href":"http:\/\/zszychlin.com.pl\/index.php\/wp-json\/wp\/v2\/comments?post=19356"}],"version-history":[{"count":2,"href":"http:\/\/zszychlin.com.pl\/index.php\/wp-json\/wp\/v2\/pages\/19356\/revisions"}],"predecessor-version":[{"id":19361,"href":"http:\/\/zszychlin.com.pl\/index.php\/wp-json\/wp\/v2\/pages\/19356\/revisions\/19361"}],"wp:featuredmedia":[{"embeddable":true,"href":"http:\/\/zszychlin.com.pl\/index.php\/wp-json\/wp\/v2\/media\/19357"}],"wp:attachment":[{"href":"http:\/\/zszychlin.com.pl\/index.php\/wp-json\/wp\/v2\/media?parent=19356"}],"curies":[{"name":"wp","href":"https:\/\/api.w.org\/{rel}","templated":true}]}}