{"id":19950,"date":"2025-11-02T19:40:40","date_gmt":"2025-11-02T18:40:40","guid":{"rendered":"http:\/\/zszychlin.com.pl\/?page_id=19950"},"modified":"2025-11-02T20:09:31","modified_gmt":"2025-11-02T19:09:31","slug":"twoje-dane-twoja-sprawa","status":"publish","type":"page","link":"http:\/\/zszychlin.com.pl\/index.php\/twoje-dane-twoja-sprawa\/","title":{"rendered":"TWOJE DANE &#8211; TWOJA SPRAWA"},"content":{"rendered":"<div class=\"wp-block-image\">\n<figure class=\"aligncenter size-large is-resized\"><a href=\"https:\/\/uodo.gov.pl\/\" target=\"_blank\" rel=\" noreferrer noopener\"><img loading=\"lazy\" decoding=\"async\" width=\"1024\" height=\"1024\" src=\"http:\/\/zszychlin.com.pl\/wp-content\/uploads\/2025\/11\/uodo_tdts_logo_color_rgb-1-1024x1024.jpg\" alt=\"\" class=\"wp-image-19956\" style=\"width:178px;height:auto\" srcset=\"http:\/\/zszychlin.com.pl\/wp-content\/uploads\/2025\/11\/uodo_tdts_logo_color_rgb-1-1024x1024.jpg 1024w, http:\/\/zszychlin.com.pl\/wp-content\/uploads\/2025\/11\/uodo_tdts_logo_color_rgb-1-300x300.jpg 300w, http:\/\/zszychlin.com.pl\/wp-content\/uploads\/2025\/11\/uodo_tdts_logo_color_rgb-1-150x150.jpg 150w, http:\/\/zszychlin.com.pl\/wp-content\/uploads\/2025\/11\/uodo_tdts_logo_color_rgb-1-768x768.jpg 768w, http:\/\/zszychlin.com.pl\/wp-content\/uploads\/2025\/11\/uodo_tdts_logo_color_rgb-1-1536x1536.jpg 1536w, http:\/\/zszychlin.com.pl\/wp-content\/uploads\/2025\/11\/uodo_tdts_logo_color_rgb-1-2048x2048.jpg 2048w, http:\/\/zszychlin.com.pl\/wp-content\/uploads\/2025\/11\/uodo_tdts_logo_color_rgb-1-1170x1170.jpg 1170w, http:\/\/zszychlin.com.pl\/wp-content\/uploads\/2025\/11\/uodo_tdts_logo_color_rgb-1-24x24.jpg 24w, http:\/\/zszychlin.com.pl\/wp-content\/uploads\/2025\/11\/uodo_tdts_logo_color_rgb-1-36x36.jpg 36w, http:\/\/zszychlin.com.pl\/wp-content\/uploads\/2025\/11\/uodo_tdts_logo_color_rgb-1-48x48.jpg 48w\" sizes=\"auto, (max-width: 1024px) 100vw, 1024px\" \/><\/a><\/figure><\/div>\n\n\n<p class=\"has-text-align-center\"><strong>Nasza szko\u0142a w programie \u201eTwoje dane \u2013 Twoja sprawa\u201d<\/strong><\/p>\n\n\n<div class=\"wp-block-image\">\n<figure class=\"aligncenter size-large is-resized\"><img loading=\"lazy\" decoding=\"async\" width=\"724\" height=\"1024\" src=\"http:\/\/zszychlin.com.pl\/wp-content\/uploads\/2025\/11\/Potwierdzenie-uczestnictwa-_1_-724x1024.jpg\" alt=\"\" class=\"wp-image-19959\" style=\"width:281px;height:auto\" srcset=\"http:\/\/zszychlin.com.pl\/wp-content\/uploads\/2025\/11\/Potwierdzenie-uczestnictwa-_1_-724x1024.jpg 724w, http:\/\/zszychlin.com.pl\/wp-content\/uploads\/2025\/11\/Potwierdzenie-uczestnictwa-_1_-212x300.jpg 212w, http:\/\/zszychlin.com.pl\/wp-content\/uploads\/2025\/11\/Potwierdzenie-uczestnictwa-_1_-768x1087.jpg 768w, http:\/\/zszychlin.com.pl\/wp-content\/uploads\/2025\/11\/Potwierdzenie-uczestnictwa-_1_-1086x1536.jpg 1086w, http:\/\/zszychlin.com.pl\/wp-content\/uploads\/2025\/11\/Potwierdzenie-uczestnictwa-_1_-1447x2048.jpg 1447w, http:\/\/zszychlin.com.pl\/wp-content\/uploads\/2025\/11\/Potwierdzenie-uczestnictwa-_1_-1170x1656.jpg 1170w, http:\/\/zszychlin.com.pl\/wp-content\/uploads\/2025\/11\/Potwierdzenie-uczestnictwa-_1_-17x24.jpg 17w, http:\/\/zszychlin.com.pl\/wp-content\/uploads\/2025\/11\/Potwierdzenie-uczestnictwa-_1_-25x36.jpg 25w, http:\/\/zszychlin.com.pl\/wp-content\/uploads\/2025\/11\/Potwierdzenie-uczestnictwa-_1_-34x48.jpg 34w, http:\/\/zszychlin.com.pl\/wp-content\/uploads\/2025\/11\/Potwierdzenie-uczestnictwa-_1_.jpg 1653w\" sizes=\"auto, (max-width: 724px) 100vw, 724px\" \/><\/figure><\/div>\n\n\n<p>Z przyjemno\u015bci\u0105 informujemy, \u017ce nasza szko\u0142a przyst\u0105pi\u0142a do realizacji og\u00f3lnopolskiego programu edukacyjnego <strong>\u201eTwoje dane \u2013 Twoja sprawa\u201d<\/strong>, kt\u00f3rego organizatorem jest <strong>Prezes Urz\u0119du Ochrony Danych Osobowych<\/strong>.<\/p>\n\n\n\n<p>Celem programu, realizowanego od 2009 roku, jest <strong>podnoszenie \u015bwiadomo\u015bci uczni\u00f3w, uczennic oraz nauczycieli w zakresie ochrony danych osobowych i prawa do prywatno\u015bci<\/strong>. Inicjatywa wspiera tak\u017ce <strong>rozw\u00f3j kompetencji cyfrowych<\/strong>, kt\u00f3re s\u0105 niezb\u0119dne do bezpiecznego i odpowiedzialnego korzystania z nowych technologii.<\/p>\n\n\n\n<p>Udzia\u0142 w programie pozwoli naszej spo\u0142eczno\u015bci szkolnej zdoby\u0107 wiedz\u0119 i umiej\u0119tno\u015bci potrzebne do \u015bwiadomego chronienia swoich danych oraz poszanowania prywatno\u015bci innych os\u00f3b.<\/p>\n","protected":false},"excerpt":{"rendered":"<p>Nasza szko\u0142a w programie \u201eTwoje dane \u2013 Twoja sprawa\u201d Z przyjemno\u015bci\u0105 informujemy, \u017ce<\/p>\n","protected":false},"author":1,"featured_media":0,"parent":0,"menu_order":0,"comment_status":"closed","ping_status":"closed","template":"","meta":{"ngg_post_thumbnail":0,"footnotes":""},"class_list":["post-19950","page","type-page","status-publish","hentry","two-columns"],"_links":{"self":[{"href":"http:\/\/zszychlin.com.pl\/index.php\/wp-json\/wp\/v2\/pages\/19950","targetHints":{"allow":["GET"]}}],"collection":[{"href":"http:\/\/zszychlin.com.pl\/index.php\/wp-json\/wp\/v2\/pages"}],"about":[{"href":"http:\/\/zszychlin.com.pl\/index.php\/wp-json\/wp\/v2\/types\/page"}],"author":[{"embeddable":true,"href":"http:\/\/zszychlin.com.pl\/index.php\/wp-json\/wp\/v2\/users\/1"}],"replies":[{"embeddable":true,"href":"http:\/\/zszychlin.com.pl\/index.php\/wp-json\/wp\/v2\/comments?post=19950"}],"version-history":[{"count":5,"href":"http:\/\/zszychlin.com.pl\/index.php\/wp-json\/wp\/v2\/pages\/19950\/revisions"}],"predecessor-version":[{"id":19961,"href":"http:\/\/zszychlin.com.pl\/index.php\/wp-json\/wp\/v2\/pages\/19950\/revisions\/19961"}],"wp:attachment":[{"href":"http:\/\/zszychlin.com.pl\/index.php\/wp-json\/wp\/v2\/media?parent=19950"}],"curies":[{"name":"wp","href":"https:\/\/api.w.org\/{rel}","templated":true}]}}