{"id":305,"date":"2019-09-30T17:12:13","date_gmt":"2019-09-30T15:12:13","guid":{"rendered":"http:\/\/wp.zszychlin.com.pl\/?page_id=305"},"modified":"2026-02-26T00:15:23","modified_gmt":"2026-02-25T23:15:23","slug":"samorzad-uczniowski","status":"publish","type":"page","link":"http:\/\/zszychlin.com.pl\/index.php\/samorzad-uczniowski\/","title":{"rendered":"SAMORZ\u0104D UCZNIOWSKI"},"content":{"rendered":"\n<p class=\"has-text-align-center has-black-color has-pale-cyan-blue-background-color has-text-color has-background\" style=\"font-size:24px\"><strong>SK\u0141AD SAMORZ\u0104DU UCZNIOWSKIEGO W ROKU SZKOLNYM 2025\/2026<\/strong>:<\/p>\n\n\n\n<ul class=\"wp-block-list\">\n<li>Laura Janiak klasa II b<\/li>\n\n\n\n<li>Bartosz Lis klasa III a<\/li>\n\n\n\n<li>Malwina Grajek klasa V a<\/li>\n\n\n\n<li>Maja Olszewska klasa V a<\/li>\n\n\n\n<li>Hanna Przysta\u0144ska klasa VI a<\/li>\n\n\n\n<li>Marcelina Skowronek klasa VII<\/li>\n\n\n\n<li>Julian \u017b\u00f3\u0142tek klasa VII<\/li>\n\n\n\n<li>Adam Trzci\u0144ski klasa VIII a<\/li>\n\n\n\n<li>Maja Janiak klasa VIII b<\/li>\n<\/ul>\n\n\n\n<p class=\"has-text-align-center has-pale-cyan-blue-background-color has-background\" style=\"font-size:24px\"><strong>OPIEKUNOWIE SAMORZ\u0104DU UCZNIOWSKIEGO<\/strong>:<\/p>\n\n\n\n<ul class=\"wp-block-list\">\n<li>Pani Monika J\u0105kalska <\/li>\n\n\n\n<li>Pani Patrycja Szczepankiewicz<\/li>\n\n\n\n<li>Pani Paulina Cyprysiak<\/li>\n\n\n\n<li>Pani Karolina Budna<\/li>\n\n\n\n<li>Pani Kamila Borek.<\/li>\n<\/ul>\n","protected":false},"excerpt":{"rendered":"<p>SK\u0141AD SAMORZ\u0104DU UCZNIOWSKIEGO W ROKU SZKOLNYM 2025\/2026: OPIEKUNOWIE SAMORZ\u0104DU UCZNIOWSKIEGO:<\/p>\n","protected":false},"author":1,"featured_media":0,"parent":0,"menu_order":0,"comment_status":"closed","ping_status":"closed","template":"","meta":{"ngg_post_thumbnail":0,"footnotes":""},"class_list":["post-305","page","type-page","status-publish","hentry","two-columns"],"_links":{"self":[{"href":"http:\/\/zszychlin.com.pl\/index.php\/wp-json\/wp\/v2\/pages\/305","targetHints":{"allow":["GET"]}}],"collection":[{"href":"http:\/\/zszychlin.com.pl\/index.php\/wp-json\/wp\/v2\/pages"}],"about":[{"href":"http:\/\/zszychlin.com.pl\/index.php\/wp-json\/wp\/v2\/types\/page"}],"author":[{"embeddable":true,"href":"http:\/\/zszychlin.com.pl\/index.php\/wp-json\/wp\/v2\/users\/1"}],"replies":[{"embeddable":true,"href":"http:\/\/zszychlin.com.pl\/index.php\/wp-json\/wp\/v2\/comments?post=305"}],"version-history":[{"count":10,"href":"http:\/\/zszychlin.com.pl\/index.php\/wp-json\/wp\/v2\/pages\/305\/revisions"}],"predecessor-version":[{"id":20319,"href":"http:\/\/zszychlin.com.pl\/index.php\/wp-json\/wp\/v2\/pages\/305\/revisions\/20319"}],"wp:attachment":[{"href":"http:\/\/zszychlin.com.pl\/index.php\/wp-json\/wp\/v2\/media?parent=305"}],"curies":[{"name":"wp","href":"https:\/\/api.w.org\/{rel}","templated":true}]}}