{"id":310,"date":"2018-09-24T22:17:15","date_gmt":"2018-09-24T20:17:15","guid":{"rendered":"http:\/\/wp.zszychlin.com.pl\/?page_id=310"},"modified":"2026-02-26T00:22:02","modified_gmt":"2026-02-25T23:22:02","slug":"rada-rodzicow","status":"publish","type":"page","link":"http:\/\/zszychlin.com.pl\/index.php\/rada-rodzicow\/","title":{"rendered":"RADA RODZIC\u00d3W"},"content":{"rendered":"\n<p class=\"has-text-align-center has-pale-cyan-blue-background-color has-background has-medium-font-size\"><strong>ZARZ\u0104D RADY RODZIC\u00d3W W ROKU SZKOLNYM 2025\/2026<\/strong><\/p>\n\n\n\n<p class=\"has-text-align-center\"><span style=\"color: #0000ff;\"><mark style=\"background-color:rgba(0, 0, 0, 0)\" class=\"has-inline-color has-vivid-cyan-blue-color\"><strong>PRZEWODNICZ\u0104CA<\/strong><\/mark><br><\/span>Pani Patrycja Grabowska<br><span style=\"color: #0000ff;\"><strong><mark style=\"background-color:rgba(0, 0, 0, 0)\" class=\"has-inline-color has-vivid-cyan-blue-color\">Z-CA PRZEWODNICZ\u0104CEJ<\/mark><\/strong><br><\/span>Pani Paulina B\u0105czkiewicz<br><mark style=\"background-color:rgba(0, 0, 0, 0)\" class=\"has-inline-color has-vivid-cyan-blue-color\"><strong>SKARBNIK<\/strong><\/mark><br>Pani R\u00f3\u017ca Janecka<br><mark style=\"background-color:rgba(0, 0, 0, 0)\" class=\"has-inline-color has-vivid-cyan-blue-color\"><strong>SEKRETARZ<\/strong><\/mark><br>Pani Marta Jestratjew<\/p>\n\n\n\n<p>Sk\u0142adka na komitet rodzicielski w rok szkolnym\u00a0<strong>2025\/2026 wynosi 50 z\u0142<\/strong>, trzecie i kolejne dziecko ucz\u0119szczaj\u0105ce do naszej szko\u0142y jest zwolnione z op\u0142aty.<br>Klasy, kt\u00f3re wp\u0142ac\u0105 100% sk\u0142adki, b\u0119d\u0105 mog\u0142y liczy\u0107 na 15% zwrotu.<\/p>\n\n\n\n<p>P\u0142atno\u015bci mo\u017cna dokonywa\u0107 w sekretariacie lub na konto Bank Sp\u00f3\u0142dzielczy o\/Konin.<br><strong>57 8530 0000 0014 2111 2000 0010<br><\/strong>w tytule przelewu prosz\u0119 poda\u0107<em>&nbsp;<strong><mark style=\"background-color:rgba(0, 0, 0, 0)\" class=\"has-inline-color has-vivid-red-color\">imi\u0119 i nazwisko dziecka oraz klas\u0119<\/mark><\/strong><\/em>.<\/p>\n\n\n\n<p>Za ka\u017cd\u0105 wp\u0142at\u0119 bardzo dzi\u0119kujemy i zapewniamy, \u017ce wszystkie pieni\u0105dze zostan\u0105 przekazane dzieciom w postaci dofinansowania szkolnych imprez kulturalnych i nagr\u00f3d w szkolnych konkursach.<\/p>\n\n\n\n<h4 class=\"wp-block-heading\"><strong><br><\/strong><\/h4>\n","protected":false},"excerpt":{"rendered":"<p>ZARZ\u0104D RADY RODZIC\u00d3W W ROKU SZKOLNYM 2025\/2026 PRZEWODNICZ\u0104CAPani Patrycja GrabowskaZ-CA PRZEWODNICZ\u0104CEJPani Paulina B\u0105czkiewiczSKARBNIKPani<\/p>\n","protected":false},"author":1,"featured_media":0,"parent":0,"menu_order":0,"comment_status":"closed","ping_status":"closed","template":"","meta":{"ngg_post_thumbnail":0,"footnotes":""},"class_list":["post-310","page","type-page","status-publish","hentry","two-columns"],"_links":{"self":[{"href":"http:\/\/zszychlin.com.pl\/index.php\/wp-json\/wp\/v2\/pages\/310","targetHints":{"allow":["GET"]}}],"collection":[{"href":"http:\/\/zszychlin.com.pl\/index.php\/wp-json\/wp\/v2\/pages"}],"about":[{"href":"http:\/\/zszychlin.com.pl\/index.php\/wp-json\/wp\/v2\/types\/page"}],"author":[{"embeddable":true,"href":"http:\/\/zszychlin.com.pl\/index.php\/wp-json\/wp\/v2\/users\/1"}],"replies":[{"embeddable":true,"href":"http:\/\/zszychlin.com.pl\/index.php\/wp-json\/wp\/v2\/comments?post=310"}],"version-history":[{"count":10,"href":"http:\/\/zszychlin.com.pl\/index.php\/wp-json\/wp\/v2\/pages\/310\/revisions"}],"predecessor-version":[{"id":20321,"href":"http:\/\/zszychlin.com.pl\/index.php\/wp-json\/wp\/v2\/pages\/310\/revisions\/20321"}],"wp:attachment":[{"href":"http:\/\/zszychlin.com.pl\/index.php\/wp-json\/wp\/v2\/media?parent=310"}],"curies":[{"name":"wp","href":"https:\/\/api.w.org\/{rel}","templated":true}]}}