{"id":8292,"date":"2024-09-11T16:34:18","date_gmt":"2024-09-11T14:34:18","guid":{"rendered":"http:\/\/zszychlin.com.pl\/?page_id=8292"},"modified":"2025-11-11T16:58:14","modified_gmt":"2025-11-11T15:58:14","slug":"informacje","status":"publish","type":"page","link":"http:\/\/zszychlin.com.pl\/index.php\/informacje\/","title":{"rendered":"KALENDARZ SZKO\u0141Y"},"content":{"rendered":"\n<p class=\"has-text-align-center has-black-color has-pale-cyan-blue-background-color has-text-color has-background has-medium-font-size\"><strong>Spotkania z rodzicami<\/strong><\/p>\n\n\n\n<figure class=\"wp-block-table\"><table><tbody><tr><td><strong>Lp.&nbsp;<\/strong><\/td><td><strong>Tematyka&nbsp;<\/strong><\/td><td class=\"has-text-align-center\" data-align=\"center\"><strong>Termin<\/strong><\/td><\/tr><tr><td>1.&nbsp;<\/td><td>Zebranie organizacyjne. Sprawozdanie z dzia\u0142alno\u015bci Rady Rodzic\u00f3w. Wybory rad&nbsp; oddzia\u0142owych, ukonstytuowanie si\u0119 Rady Rodzic\u00f3w. Informacje dotycz\u0105ce organizacji&nbsp; pracy szko\u0142y, oferty zaj\u0119\u0107 pozalekcyjnych.&nbsp;&nbsp;Informacja o egzaminie \u00f3smoklasisty, dostosowaniu&nbsp; warunk\u00f3w i form przeprowadzania egzaminu&nbsp; \u00f3smoklasisty w roku szkolnym 2025\/2026 \u2013 wychowawca klasy VIII.<\/td><td class=\"has-text-align-center\" data-align=\"center\">15 wrze\u015bnia 2025 r.\u00a0\u00a0<br>godz.\u00a016:30<\/td><\/tr><tr><td>2.&nbsp;<\/td><td>Zebranie z wychowawcami&nbsp;<\/td><td class=\"has-text-align-center\" data-align=\"center\">03 listopada 2025 r.<br>godz. 17:00<\/td><\/tr><tr><td>3.&nbsp;<\/td><td>Konsultacje tr\u00f3jstronne \u2013 informacja o&nbsp;&nbsp;wynikach nauczania i zachowaniu uczni\u00f3w.<\/td><td class=\"has-text-align-center\" data-align=\"center\">12grudnia<br>2025 r.<br>godz.16:00- 18:00<\/td><\/tr><tr><td>4.&nbsp;<\/td><td>Zebranie z wychowawcami\u00a0\u00a0<br>\u25cf poinformowanie przez wychowawc\u0119\u00a0\u00a0uczni\u00f3w klasy VIII oraz ich rodzic\u00f3w<br>o\u00a0 warunkach przebiegu egzaminu\u00a0 \u00f3smoklasisty<\/td><td class=\"has-text-align-center\" data-align=\"center\">09 lutego 2026 r.<br>godz. 17:00<\/td><\/tr><tr><td>5.<\/td><td>Zebranie z wychowawcami&nbsp;&nbsp;<\/td><td class=\"has-text-align-center\" data-align=\"center\">13 kwietnia 2026 r.<br>godz. 17:00&nbsp;<\/td><\/tr><tr><td>6.&nbsp;<\/td><td>Konsultacje tr\u00f3jstronne \u2013 informacja o\u00a0\u00a0wynikach nauczania i zachowaniu uczni\u00f3w.<\/td><td class=\"has-text-align-center\" data-align=\"center\">18 maja<br>2026 r.&nbsp;godz. 16:00- 18:00<\/td><\/tr><\/tbody><\/table><\/figure>\n\n\n\n<p class=\"has-text-align-center has-black-color has-pale-cyan-blue-background-color has-text-color has-background has-medium-font-size\"><strong>Dni wolne wynikaj\u0105ce z rozporz\u0105dzenia MEN&nbsp;<\/strong><\/p>\n\n\n\n<ul class=\"wp-block-list\">\n<li><strong>31 pa\u017adziernika 2025 r<\/strong> (pi\u0105tek) dni wolne od zaj\u0119\u0107 lekcyjnych\/opieka \u015bwietlicowa<\/li>\n\n\n\n<li><strong>10 listopada 2025 r.<\/strong> (poniedzia\u0142ek) dzie\u0144 wolny od zaj\u0119\u0107 lekcyjnych\/ opieka \u015bwietlicowa<\/li>\n\n\n\n<li><strong>2 stycznia 2026 r.<\/strong> (pi\u0105tek) dzie\u0144 wolny od zaj\u0119\u0107 lekcyjnych\/opieka \u015bwietlicowa<\/li>\n\n\n\n<li><strong>5 stycznia 2026 r. <\/strong>(poniedzia\u0142ek)<strong> <\/strong>dzie\u0144 wolny od zaj\u0119\u0107 lekcyjnych\/opieka \u015bwietlicowa<\/li>\n\n\n\n<li><strong>5 czerwca 2026 r.<\/strong> (pi\u0105tek po Bo\u017cym Ciele) dzie\u0144 wolny od zaj\u0119\u0107 lekcyjnych\/opieka \u015bwietlicowa<\/li>\n<\/ul>\n","protected":false},"excerpt":{"rendered":"<p>Spotkania z rodzicami Lp.&nbsp; Tematyka&nbsp; Termin 1.&nbsp; Zebranie organizacyjne. Sprawozdanie z dzia\u0142alno\u015bci Rady<\/p>\n","protected":false},"author":1,"featured_media":0,"parent":0,"menu_order":0,"comment_status":"closed","ping_status":"closed","template":"","meta":{"ngg_post_thumbnail":0,"footnotes":""},"class_list":["post-8292","page","type-page","status-publish","hentry","two-columns"],"_links":{"self":[{"href":"http:\/\/zszychlin.com.pl\/index.php\/wp-json\/wp\/v2\/pages\/8292","targetHints":{"allow":["GET"]}}],"collection":[{"href":"http:\/\/zszychlin.com.pl\/index.php\/wp-json\/wp\/v2\/pages"}],"about":[{"href":"http:\/\/zszychlin.com.pl\/index.php\/wp-json\/wp\/v2\/types\/page"}],"author":[{"embeddable":true,"href":"http:\/\/zszychlin.com.pl\/index.php\/wp-json\/wp\/v2\/users\/1"}],"replies":[{"embeddable":true,"href":"http:\/\/zszychlin.com.pl\/index.php\/wp-json\/wp\/v2\/comments?post=8292"}],"version-history":[{"count":34,"href":"http:\/\/zszychlin.com.pl\/index.php\/wp-json\/wp\/v2\/pages\/8292\/revisions"}],"predecessor-version":[{"id":19988,"href":"http:\/\/zszychlin.com.pl\/index.php\/wp-json\/wp\/v2\/pages\/8292\/revisions\/19988"}],"wp:attachment":[{"href":"http:\/\/zszychlin.com.pl\/index.php\/wp-json\/wp\/v2\/media?parent=8292"}],"curies":[{"name":"wp","href":"https:\/\/api.w.org\/{rel}","templated":true}]}}