{"id":845,"date":"2024-02-07T09:17:00","date_gmt":"2024-02-07T08:17:00","guid":{"rendered":"http:\/\/zszychlin.com.pl\/?page_id=845"},"modified":"2026-01-29T20:53:37","modified_gmt":"2026-01-29T19:53:37","slug":"rekrutacja","status":"publish","type":"page","link":"http:\/\/zszychlin.com.pl\/index.php\/rekrutacja\/","title":{"rendered":"REKRUTACJA"},"content":{"rendered":"\n<p>Rekrutacja do klasy pierwszej szko\u0142y podstawowej i oddzia\u0142\u00f3w przedszkolnych na rok szkolny 2026\/2027 odb\u0119dzie si\u0119 w formie elektronicznej. Dotyczy to tak\u017ce deklaracji o kontynuowaniu wychowania przedszkolnego.<br>Wniosek rekrutacyjny oraz deklaracj\u0119 o kontynuowaniu wychowania przedszkolnego nale\u017cy wype\u0142ni\u0107 online za pomoc\u0105 formularza dost\u0119pnego na stronie: <a href=\"https:\/\/nabor.pcss.pl\/staremiasto\">https:\/\/nabor.pcss.pl\/staremiasto<\/a><br>Wype\u0142niony, wydrukowany i podpisany przez rodzic\u00f3w\/prawnych opiekun\u00f3w wniosek\/deklaracj\u0119 nale\u017cy dostarczy\u0107 do sekretariatu szko\u0142y w wyznaczonym terminie.<br><strong>Terminy e- rekrutacji:<\/strong><br>Sk\u0142adanie deklaracji o kontynuacji wychowania przedszkolnego:<strong> od 02.02.2026 r. do 08.02.2026 r.<\/strong><br>Sk\u0142adanie wniosk\u00f3w o przyj\u0119cie do klasy pierwszej i oddzia\u0142\u00f3w przedszkolnych wraz z dokumentami:         <strong>od 09.02.2026r. do 13.03.2026r.<\/strong><br><br>W razie pyta\u0144 zapraszamy do kontaktu z sekretariatem szko\u0142y pod numerem telefonu<br>632442571 w godz. 7:00-15:00.<\/p>\n\n\n\n<p class=\"has-text-align-left\"><\/p>\n\n\n\n<h3 class=\"wp-block-heading has-pale-cyan-blue-background-color has-background has-medium-font-size\"><\/h3>\n\n\n\n<h3 class=\"wp-block-heading\">&nbsp;<\/h3>\n\n\n\n<p><\/p>\n","protected":false},"excerpt":{"rendered":"<p>Rekrutacja do klasy pierwszej szko\u0142y podstawowej i oddzia\u0142\u00f3w przedszkolnych na rok szkolny 2026\/2027<\/p>\n","protected":false},"author":1,"featured_media":14680,"parent":0,"menu_order":0,"comment_status":"closed","ping_status":"closed","template":"","meta":{"ngg_post_thumbnail":0,"footnotes":"[]"},"class_list":["post-845","page","type-page","status-publish","has-post-thumbnail","hentry","two-columns"],"_links":{"self":[{"href":"http:\/\/zszychlin.com.pl\/index.php\/wp-json\/wp\/v2\/pages\/845","targetHints":{"allow":["GET"]}}],"collection":[{"href":"http:\/\/zszychlin.com.pl\/index.php\/wp-json\/wp\/v2\/pages"}],"about":[{"href":"http:\/\/zszychlin.com.pl\/index.php\/wp-json\/wp\/v2\/types\/page"}],"author":[{"embeddable":true,"href":"http:\/\/zszychlin.com.pl\/index.php\/wp-json\/wp\/v2\/users\/1"}],"replies":[{"embeddable":true,"href":"http:\/\/zszychlin.com.pl\/index.php\/wp-json\/wp\/v2\/comments?post=845"}],"version-history":[{"count":32,"href":"http:\/\/zszychlin.com.pl\/index.php\/wp-json\/wp\/v2\/pages\/845\/revisions"}],"predecessor-version":[{"id":20279,"href":"http:\/\/zszychlin.com.pl\/index.php\/wp-json\/wp\/v2\/pages\/845\/revisions\/20279"}],"wp:featuredmedia":[{"embeddable":true,"href":"http:\/\/zszychlin.com.pl\/index.php\/wp-json\/wp\/v2\/media\/14680"}],"wp:attachment":[{"href":"http:\/\/zszychlin.com.pl\/index.php\/wp-json\/wp\/v2\/media?parent=845"}],"curies":[{"name":"wp","href":"https:\/\/api.w.org\/{rel}","templated":true}]}}