{"id":8837,"date":"2018-12-29T01:19:29","date_gmt":"2018-12-29T00:19:29","guid":{"rendered":"http:\/\/zszychlin.com.pl\/?page_id=8837"},"modified":"2019-02-03T22:46:08","modified_gmt":"2019-02-03T21:46:08","slug":"etwinning","status":"publish","type":"page","link":"http:\/\/zszychlin.com.pl\/index.php\/etwinning\/","title":{"rendered":"eTWINNING"},"content":{"rendered":"<h2 style=\"text-align: center;\"><span style=\"color: #000080;\"><strong>O PROGRAMIE<\/strong><\/span><\/h2>\n<p><span style=\"color: #0000ff;\"><strong>Program eTwinning <\/strong>\u2013<strong>&nbsp;europejska spo\u0142eczno\u015b\u0107 szkolna<\/strong><\/span><\/p>\n<p><strong>eTwinning<\/strong>&nbsp;to spo\u0142eczno\u015b\u0107 szkolna, gromadz\u0105ca szko\u0142y z ca\u0142ej Europy wsp\u00f3\u0142pracuj\u0105ca za pomoc\u0105&nbsp;medi\u00f3w elektronicznych. Uczniowie i nauczyciele wykorzystuj\u0105 Internet we wsp\u00f3\u0142pracy ponad granicami \u2013 wsp\u00f3\u0142dzia\u0142aj\u0105, wymieniaj\u0105 si\u0119 informacjami i materia\u0142ami do nauki. W programie uczestnicz\u0105 wszystkie kraje Unii Europejskiej oraz Albania, Bo\u015bnia i Hercegowina, Islandia, Liechtenstein, Macedonia, Norwegia, Serbia&nbsp;i Turcja, Armenia, Azerbejd\u017can, Gruzja, Mo\u0142dawia, Ukraina, Tunezja, Jordania oraz Liban.<\/p>\n<p>Projekty eTwinning przybieraj\u0105 bardzo r\u00f3\u017cnorodne formy. S\u0105 w\u015br\u00f3d nich bardzo kr\u00f3tkie (kilkudniowe), skupione na jednym konkretnym zagadnieniu, jak i wieloletnie, o wci\u0105\u017c poszerzaj\u0105cej si\u0119 tematyce i dzia\u0142aniach.<\/p>\n<p>Forma, tematyka, czas trwania, rodzaj u\u017cytych narz\u0119dzi, liczba partner\u00f3w zale\u017cy wy\u0142\u0105cznie od samych uczestnik\u00f3w projektu. Cz\u0119sto zmienia si\u0119 w trakcie realizacji dopasowuj\u0105c si\u0119 do aktualnych potrzeb wsp\u00f3\u0142pracuj\u0105cych.<\/p>\n<p><span style=\"color: #0000ff;\"><strong>Trzy najwa\u017cniejsze cechy projekt\u00f3w eTwinning<\/strong>:<\/span><\/p>\n<ol>\n<li>Wykorzystywanie&nbsp;<strong>komputera, Internetu, r\u00f3\u017cnorodnego oprogramowania, aparatu, kamery,&nbsp;<\/strong>narz\u0119dzi z kt\u00f3rych uczniowie korzystaj\u0105 w czasie wolnym, co czyni zaj\u0119cia znacznie ciekawszymi i bardziej anga\u017cuj\u0105cymi;<\/li>\n<li><strong>J\u0119zyki obce <\/strong>wykorzystywane s\u0105&nbsp;do bezpo\u015bredniej komunikacji z r\u00f3wie\u015bnikami \u2013 partnerami w projekcie. Potrzeba sprawniejszej, p\u0142ynniejszej rozmowy, porozumienia mobilizuje uczni\u00f3w do nauki j\u0119zyka;<\/li>\n<li><strong>Temat projektu bardzo \u0142atwo zintegrowa\u0107&nbsp;z podstaw\u0105 programow\u0105&nbsp;<\/strong>nawet kilku dowolnych przedmiot\u00f3w nauczanych w szkole, i realizowa\u0107 w ramach planowych zaj\u0119\u0107, czyni\u0105c tre\u015bci edukacyjne znacznie atrakcyjniejszymi.<\/li>\n<\/ol>\n<p>Uczniowie bior\u0105cy udzia\u0142 w projektach s\u0105 bardziej zmotywowani do nauki j\u0119zyk\u00f3w obcych, sami ch\u0119tnie szukaj\u0105 nowych informacji, ucz\u0105 si\u0119 nowych s\u0142\u00f3w i zwrot\u00f3w, aby ciekawiej zaprezentowa\u0107 swoj\u0105 wiedz\u0119 partnerom. Uczniowie nabywaj\u0105 r\u00f3wnie\u017c \u015bwiadomo\u015b\u0107 istnienia r\u00f3\u017cnic kulturowych i ucz\u0105 si\u0119 szanowa\u0107 odmienno\u015b\u0107 kulturow\u0105 innych kraj\u00f3w.<\/p>\n","protected":false},"excerpt":{"rendered":"<p>O PROGRAMIE Program eTwinning \u2013&nbsp;europejska spo\u0142eczno\u015b\u0107 szkolna eTwinning&nbsp;to spo\u0142eczno\u015b\u0107 szkolna, gromadz\u0105ca szko\u0142y z<\/p>\n","protected":false},"author":1,"featured_media":0,"parent":0,"menu_order":0,"comment_status":"closed","ping_status":"closed","template":"","meta":{"ngg_post_thumbnail":0,"footnotes":""},"class_list":["post-8837","page","type-page","status-publish","hentry","two-columns"],"_links":{"self":[{"href":"http:\/\/zszychlin.com.pl\/index.php\/wp-json\/wp\/v2\/pages\/8837","targetHints":{"allow":["GET"]}}],"collection":[{"href":"http:\/\/zszychlin.com.pl\/index.php\/wp-json\/wp\/v2\/pages"}],"about":[{"href":"http:\/\/zszychlin.com.pl\/index.php\/wp-json\/wp\/v2\/types\/page"}],"author":[{"embeddable":true,"href":"http:\/\/zszychlin.com.pl\/index.php\/wp-json\/wp\/v2\/users\/1"}],"replies":[{"embeddable":true,"href":"http:\/\/zszychlin.com.pl\/index.php\/wp-json\/wp\/v2\/comments?post=8837"}],"version-history":[{"count":0,"href":"http:\/\/zszychlin.com.pl\/index.php\/wp-json\/wp\/v2\/pages\/8837\/revisions"}],"wp:attachment":[{"href":"http:\/\/zszychlin.com.pl\/index.php\/wp-json\/wp\/v2\/media?parent=8837"}],"curies":[{"name":"wp","href":"https:\/\/api.w.org\/{rel}","templated":true}]}}